{"id":77,"date":"2023-08-28T07:33:07","date_gmt":"2023-08-28T07:33:07","guid":{"rendered":"https:\/\/revosrl.es\/home\/"},"modified":"2024-10-14T14:19:19","modified_gmt":"2024-10-14T14:19:19","slug":"home","status":"publish","type":"page","link":"https:\/\/revosrl.es\/pt-pt\/","title":{"rendered":"Home"},"content":{"rendered":"\t\t<div data-elementor-type=\"wp-page\" data-elementor-id=\"77\" class=\"elementor elementor-77\" data-elementor-post-type=\"page\">\n\t\t\t\t\t\t<section class=\"elementor-section elementor-top-section elementor-element elementor-element-d90ae05 elementor-section-height-min-height elementor-section-boxed elementor-section-height-default elementor-section-items-middle\" data-id=\"d90ae05\" data-element_type=\"section\" data-settings=\"{&quot;background_background&quot;:&quot;classic&quot;,&quot;background_motion_fx_motion_fx_scrolling&quot;:&quot;yes&quot;,&quot;background_motion_fx_translateY_effect&quot;:&quot;yes&quot;,&quot;background_motion_fx_translateY_speed&quot;:{&quot;unit&quot;:&quot;px&quot;,&quot;size&quot;:4,&quot;sizes&quot;:[]},&quot;background_motion_fx_translateY_affectedRange&quot;:{&quot;unit&quot;:&quot;%&quot;,&quot;size&quot;:&quot;&quot;,&quot;sizes&quot;:{&quot;start&quot;:0,&quot;end&quot;:100}},&quot;background_motion_fx_devices&quot;:[&quot;desktop&quot;,&quot;tablet&quot;,&quot;mobile&quot;]}\">\n\t\t\t\t\t\t<div class=\"elementor-container elementor-column-gap-default\">\n\t\t\t\t\t<div class=\"elementor-column elementor-col-100 elementor-top-column elementor-element elementor-element-0236ebe\" data-id=\"0236ebe\" data-element_type=\"column\">\n\t\t\t<div class=\"elementor-widget-wrap\">\n\t\t\t\t\t\t\t<\/div>\n\t\t<\/div>\n\t\t\t\t\t<\/div>\n\t\t<\/section>\n\t\t\t\t<section class=\"elementor-section elementor-top-section elementor-element elementor-element-bccb383 elementor-section-boxed elementor-section-height-default elementor-section-height-default\" data-id=\"bccb383\" data-element_type=\"section\">\n\t\t\t\t\t\t<div class=\"elementor-container elementor-column-gap-default\">\n\t\t\t\t\t<div class=\"elementor-column elementor-col-100 elementor-top-column elementor-element elementor-element-e2bbba6\" data-id=\"e2bbba6\" data-element_type=\"column\">\n\t\t\t<div class=\"elementor-widget-wrap elementor-element-populated\">\n\t\t\t\t\t\t<section class=\"elementor-section elementor-inner-section elementor-element elementor-element-6070a3c elementor-section-boxed elementor-section-height-default elementor-section-height-default\" data-id=\"6070a3c\" data-element_type=\"section\">\n\t\t\t\t\t\t<div class=\"elementor-container elementor-column-gap-default\">\n\t\t\t\t\t<div class=\"elementor-column elementor-col-50 elementor-inner-column elementor-element elementor-element-e8136d1\" data-id=\"e8136d1\" data-element_type=\"column\">\n\t\t\t<div class=\"elementor-widget-wrap elementor-element-populated\">\n\t\t\t\t\t\t<div class=\"elementor-element elementor-element-b6d15ca elementor-widget elementor-widget-heading\" data-id=\"b6d15ca\" data-element_type=\"widget\" data-widget_type=\"heading.default\">\n\t\t\t\t<div class=\"elementor-widget-container\">\n\t\t\t\t\t<h1 class=\"elementor-heading-title elementor-size-default\">BEM-VINDO AO SITE DA REVO ESPANHA<\/h1>\t\t\t\t<\/div>\n\t\t\t\t<\/div>\n\t\t\t\t\t<\/div>\n\t\t<\/div>\n\t\t\t\t<div class=\"elementor-column elementor-col-50 elementor-inner-column elementor-element elementor-element-a8efbef\" data-id=\"a8efbef\" data-element_type=\"column\">\n\t\t\t<div class=\"elementor-widget-wrap elementor-element-populated\">\n\t\t\t\t\t\t<div class=\"elementor-element elementor-element-0f319ab elementor-invisible elementor-widget elementor-widget-image\" data-id=\"0f319ab\" data-element_type=\"widget\" data-settings=\"{&quot;_animation&quot;:&quot;fadeIn&quot;,&quot;_animation_delay&quot;:100}\" data-widget_type=\"image.default\">\n\t\t\t\t<div class=\"elementor-widget-container\">\n\t\t\t\t\t\t\t\t\t\t\t\t\t\t\t<img fetchpriority=\"high\" decoding=\"async\" width=\"800\" height=\"800\" src=\"https:\/\/revosrl.es\/wp-content\/uploads\/2023\/08\/ICONA-TECNICO-REVO-1024x1024.png\" class=\"attachment-large size-large wp-image-76\" alt=\"\" srcset=\"https:\/\/revosrl.es\/wp-content\/uploads\/2023\/08\/ICONA-TECNICO-REVO-1024x1024.png 1024w, https:\/\/revosrl.es\/wp-content\/uploads\/2023\/08\/ICONA-TECNICO-REVO-300x300.png 300w, https:\/\/revosrl.es\/wp-content\/uploads\/2023\/08\/ICONA-TECNICO-REVO-150x150.png 150w, https:\/\/revosrl.es\/wp-content\/uploads\/2023\/08\/ICONA-TECNICO-REVO-768x768.png 768w, https:\/\/revosrl.es\/wp-content\/uploads\/2023\/08\/ICONA-TECNICO-REVO.png 1181w\" sizes=\"(max-width: 800px) 100vw, 800px\" \/>\t\t\t\t\t\t\t\t\t\t\t\t\t\t\t<\/div>\n\t\t\t\t<\/div>\n\t\t\t\t\t<\/div>\n\t\t<\/div>\n\t\t\t\t\t<\/div>\n\t\t<\/section>\n\t\t\t\t<section class=\"elementor-section elementor-inner-section elementor-element elementor-element-eab37dd elementor-section-boxed elementor-section-height-default elementor-section-height-default\" data-id=\"eab37dd\" data-element_type=\"section\">\n\t\t\t\t\t\t<div class=\"elementor-container elementor-column-gap-default\">\n\t\t\t\t\t<div class=\"elementor-column elementor-col-100 elementor-inner-column elementor-element elementor-element-fc87a85\" data-id=\"fc87a85\" data-element_type=\"column\">\n\t\t\t<div class=\"elementor-widget-wrap elementor-element-populated\">\n\t\t\t\t\t\t<div class=\"elementor-element elementor-element-bf22868 elementor-widget elementor-widget-spacer\" data-id=\"bf22868\" data-element_type=\"widget\" data-widget_type=\"spacer.default\">\n\t\t\t\t<div class=\"elementor-widget-container\">\n\t\t\t\t\t\t\t<div class=\"elementor-spacer\">\n\t\t\t<div class=\"elementor-spacer-inner\"><\/div>\n\t\t<\/div>\n\t\t\t\t\t\t<\/div>\n\t\t\t\t<\/div>\n\t\t\t\t<div class=\"elementor-element elementor-element-6be2b46 elementor-widget elementor-widget-text-editor\" data-id=\"6be2b46\" data-element_type=\"widget\" data-widget_type=\"text-editor.default\">\n\t\t\t\t<div class=\"elementor-widget-container\">\n\t\t\t\t\t\t\t\t\tPara acessar o servi\u00e7o, voc\u00ea deve especificar o N\u00famero de S\u00e9rie do fog\u00e3o, hidro fog\u00e3o, caldeira, ar-condicionado ou bomba de calor. O n\u00famero de s\u00e9rie (n\u00famero de registro do aparelho) est\u00e1 impresso na etiqueta na parte traseira do equipamento, no caso de ar-condicionado e bomba de calor, em uma lateral da unidade interna ou externa. \nInsira este n\u00famero de s\u00e9rie no campo a seguir do formul\u00e1rio. Insira o n\u00famero sem espa\u00e7os ou v\u00edrgulas. Apenas letras e n\u00fameros.   \t\t\t\t\t\t\t\t<\/div>\n\t\t\t\t<\/div>\n\t\t\t\t<div class=\"elementor-element elementor-element-70db6cc elementor-widget elementor-widget-text-editor\" data-id=\"70db6cc\" data-element_type=\"widget\" data-widget_type=\"text-editor.default\">\n\t\t\t\t<div class=\"elementor-widget-container\">\n\t\t\t\t\t\t\t\t\t<p class=\"wpcf7-contact-form-not-found\"><strong>Erro:<\/strong> Formul\u00e1rio de contacto n\u00e3o encontrado.<\/p>\t\t\t\t\t\t\t\t<\/div>\n\t\t\t\t<\/div>\n\t\t\t\t\t<\/div>\n\t\t<\/div>\n\t\t\t\t\t<\/div>\n\t\t<\/section>\n\t\t\t\t\t<\/div>\n\t\t<\/div>\n\t\t\t\t\t<\/div>\n\t\t<\/section>\n\t\t\t\t<\/div>\n\t\t","protected":false},"excerpt":{"rendered":"<p>BEM-VINDO AO SITE DA REVO ESPANHA Para acessar o servi\u00e7o, voc\u00ea deve especificar o N\u00famero de S\u00e9rie do fog\u00e3o, hidro fog\u00e3o, caldeira, ar-condicionado ou bomba de calor. O n\u00famero de s\u00e9rie (n\u00famero de registro do aparelho) est\u00e1 impresso na etiqueta na parte traseira do equipamento, no caso de ar-condicionado e bomba de calor, em uma [&hellip;]<\/p>\n","protected":false},"author":1,"featured_media":0,"parent":0,"menu_order":0,"comment_status":"closed","ping_status":"closed","template":"elementor_header_footer","meta":{"footnotes":""},"class_list":["post-77","page","type-page","status-publish","hentry"],"_links":{"self":[{"href":"https:\/\/revosrl.es\/pt-pt\/wp-json\/wp\/v2\/pages\/77","targetHints":{"allow":["GET"]}}],"collection":[{"href":"https:\/\/revosrl.es\/pt-pt\/wp-json\/wp\/v2\/pages"}],"about":[{"href":"https:\/\/revosrl.es\/pt-pt\/wp-json\/wp\/v2\/types\/page"}],"author":[{"embeddable":true,"href":"https:\/\/revosrl.es\/pt-pt\/wp-json\/wp\/v2\/users\/1"}],"replies":[{"embeddable":true,"href":"https:\/\/revosrl.es\/pt-pt\/wp-json\/wp\/v2\/comments?post=77"}],"version-history":[{"count":13,"href":"https:\/\/revosrl.es\/pt-pt\/wp-json\/wp\/v2\/pages\/77\/revisions"}],"predecessor-version":[{"id":217,"href":"https:\/\/revosrl.es\/pt-pt\/wp-json\/wp\/v2\/pages\/77\/revisions\/217"}],"wp:attachment":[{"href":"https:\/\/revosrl.es\/pt-pt\/wp-json\/wp\/v2\/media?parent=77"}],"curies":[{"name":"wp","href":"https:\/\/api.w.org\/{rel}","templated":true}]}}