{"id":92,"date":"2023-08-28T07:33:07","date_gmt":"2023-08-28T07:33:07","guid":{"rendered":"https:\/\/revosrl.es\/privacy-policy\/"},"modified":"2023-08-31T14:44:48","modified_gmt":"2023-08-31T14:44:48","slug":"privacy-policy","status":"publish","type":"page","link":"https:\/\/revosrl.es\/pt-pt\/privacy-policy\/","title":{"rendered":"Privacy Policy"},"content":{"rendered":"\t\t<div data-elementor-type=\"wp-page\" data-elementor-id=\"92\" class=\"elementor elementor-92\" data-elementor-post-type=\"page\">\n\t\t\t\t\t\t<section class=\"elementor-section elementor-top-section elementor-element elementor-element-499c382b elementor-section-boxed elementor-section-height-default elementor-section-height-default\" data-id=\"499c382b\" data-element_type=\"section\">\n\t\t\t\t\t\t<div class=\"elementor-container elementor-column-gap-default\">\n\t\t\t\t\t<div class=\"elementor-column elementor-col-100 elementor-top-column elementor-element elementor-element-77afea24\" data-id=\"77afea24\" data-element_type=\"column\">\n\t\t\t<div class=\"elementor-widget-wrap elementor-element-populated\">\n\t\t\t\t\t\t<div class=\"elementor-element elementor-element-2626277a elementor-widget elementor-widget-text-editor\" data-id=\"2626277a\" data-element_type=\"widget\" data-widget_type=\"text-editor.default\">\n\t\t\t\t<div class=\"elementor-widget-container\">\n\t\t\t\t\t\t\t\t\t\n<h2 class=\"wp-block-heading\"><\/h2>\n\t\t\t\t\t\t\t\t<\/div>\n\t\t\t\t<\/div>\n\t\t\t\t\t<\/div>\n\t\t<\/div>\n\t\t\t\t\t<\/div>\n\t\t<\/section>\n\t\t\t\t<section class=\"elementor-section elementor-top-section elementor-element elementor-element-0c4f758 elementor-section-boxed elementor-section-height-default elementor-section-height-default\" data-id=\"0c4f758\" data-element_type=\"section\">\n\t\t\t\t\t\t<div class=\"elementor-container elementor-column-gap-default\">\n\t\t\t\t\t<div class=\"elementor-column elementor-col-100 elementor-top-column elementor-element elementor-element-67f8ef1\" data-id=\"67f8ef1\" data-element_type=\"column\">\n\t\t\t<div class=\"elementor-widget-wrap elementor-element-populated\">\n\t\t\t\t\t\t<section class=\"elementor-section elementor-inner-section elementor-element elementor-element-6c844b8 elementor-section-boxed elementor-section-height-default elementor-section-height-default\" data-id=\"6c844b8\" data-element_type=\"section\">\n\t\t\t\t\t\t<div class=\"elementor-container elementor-column-gap-default\">\n\t\t\t\t\t<div class=\"elementor-column elementor-col-100 elementor-inner-column elementor-element elementor-element-f76e9b9\" data-id=\"f76e9b9\" data-element_type=\"column\">\n\t\t\t<div class=\"elementor-widget-wrap elementor-element-populated\">\n\t\t\t\t\t\t<div class=\"elementor-element elementor-element-f2f8beb elementor-widget elementor-widget-text-editor\" data-id=\"f2f8beb\" data-element_type=\"widget\" data-widget_type=\"text-editor.default\">\n\t\t\t\t<div class=\"elementor-widget-container\">\n\t\t\t\t\t\t\t\t\t<header class=\"entry-header ast-no-thumbnail ast-no-meta\">\n<h1>Pol\u00edtica de privacidade<\/h1>\n<p>INFORMA\u00c7\u00d5ES SOBRE O TRATAMENTO DE DADOS PESSOAIS<\/p>\n<p>dos utilizadores que consultam o s\u00edtio Web www.revosrl.es<\/p>\n<p>em conformidade com o artigo 13.\u00ba do Regulamento (UE) 2016\/679<\/p>\n<p><b>PORQU\u00ca ESTA INFORMA\u00c7\u00c3O<\/b><\/p>\n<p>Em conformidade com o Regulamento (UE) 2016\/679 (a seguir designado por &#8220;Regulamento&#8221;), a presente p\u00e1gina descreve as modalidades de tratamento dos dados pessoais dos utilizadores que consultam o(s) s\u00edtio(s) Web acess\u00edvel(eis) por via eletr\u00f3nica no seguinte endere\u00e7o<\/p>\n<p>www.revosrl.es<br>Estas informa\u00e7\u00f5es n\u00e3o se referem a outros s\u00edtios, p\u00e1ginas ou servi\u00e7os em linha acess\u00edveis atrav\u00e9s de liga\u00e7\u00f5es de hipertexto que podem ser publicadas nos s\u00edtios mas que remetem para recursos fora do dom\u00ednio do Garante.<\/p>\n<p><b>TITULAR DO TRATAMENTO<\/b><\/p>\n<p>Na sequ\u00eancia da consulta dos s\u00edtios acima referidos, podem ser tratados dados relativos a pessoas singulares identificadas ou identific\u00e1veis. O titular do tratamento \u00e9 a REVO srl, com sede social em Viale dell&#8217;Artigianato, 12 &#8211; 36030 San Vito di Leguzzano (VI) It\u00e1lia &#8211; e-mail: revoesp@revosrl.com ou telefone +34 865 508 000.<\/p>\n<p><b>BASE JUR\u00cdDICA DO TRATAMENTO<\/b><\/p>\n<p>Os dados pessoais indicados nesta p\u00e1gina s\u00e3o tratados pelo titular na medida do necess\u00e1rio para a gest\u00e3o do s\u00edtio Web e, com base em informa\u00e7\u00f5es espec\u00edficas e, se necess\u00e1rio, com base no consentimento, para oferecer e executar os servi\u00e7os oferecidos pelo pr\u00f3prio s\u00edtio Web.<\/p>\n<p><b>TIPOS DE DADOS TRATADOS E FINALIDADE DO TRATAMENTO<\/b><\/p>\n<p>Dados de navega\u00e7\u00e3o<\/p>\n<p>Os sistemas inform\u00e1ticos e os procedimentos de software utilizados para o funcionamento deste s\u00edtio adquirem, durante o seu funcionamento normal, alguns dados pessoais cuja transmiss\u00e3o est\u00e1 impl\u00edcita na utiliza\u00e7\u00e3o dos protocolos de comunica\u00e7\u00e3o da Internet.<\/p>\n<p>Esta categoria de dados inclui os endere\u00e7os IP ou nomes de dom\u00ednio dos computadores e terminais utilizados pelos utilizadores, os endere\u00e7os em nota\u00e7\u00e3o URI\/URL (Uniform Resource Identifier\/Locator) dos recursos solicitados, a hora do pedido, o m\u00e9todo utilizado para enviar o pedido ao servidor, o tamanho do ficheiro obtido em resposta, o c\u00f3digo num\u00e9rico que indica o estado da resposta dada pelo servidor (sucesso, erro, etc.) e outros par\u00e2metros relacionados com o sistema operativo e o ambiente inform\u00e1tico do utilizador.<\/p>\n<p>Estes dados, necess\u00e1rios para a utiliza\u00e7\u00e3o dos servi\u00e7os Web, s\u00e3o igualmente tratados com o objetivo de<\/p>\n<p>obter informa\u00e7\u00f5es estat\u00edsticas sobre a utiliza\u00e7\u00e3o dos servi\u00e7os (p\u00e1ginas mais visitadas, n\u00famero de visitantes por hora ou por dia, zonas geogr\u00e1ficas de origem, etc.);<br>verificar o correto funcionamento dos servi\u00e7os oferecidos.<br>Os dados de navega\u00e7\u00e3o n\u00e3o se mant\u00eam para al\u00e9m do tempo necess\u00e1rio para assegurar o funcionamento do s\u00edtio e s\u00e3o apagados imediatamente ap\u00f3s a sua agrega\u00e7\u00e3o (exceto em caso de necessidade de verifica\u00e7\u00e3o de infrac\u00e7\u00f5es por parte das autoridades judiciais).<\/p>\n<p>Dados comunicados pelo utilizador<\/p>\n<p>O envio facultativo, expl\u00edcito e volunt\u00e1rio de mensagens para os endere\u00e7os de contacto, bem como a compila\u00e7\u00e3o e submiss\u00e3o dos formul\u00e1rios presentes nos s\u00edtios, implicam a aquisi\u00e7\u00e3o dos dados de contacto do remetente, necess\u00e1rios para a resposta, bem como de todos os dados pessoais inclu\u00eddos nas comunica\u00e7\u00f5es.<\/p>\n<p>Ser\u00e3o publicadas informa\u00e7\u00f5es espec\u00edficas nas p\u00e1ginas habilitadas para a presta\u00e7\u00e3o de determinados servi\u00e7os.<\/p>\n<p>Cookies e outros sistemas de rastreio<\/p>\n<p>Os cookies n\u00e3o s\u00e3o utilizados para a defini\u00e7\u00e3o de perfis de utilizadores ou outros m\u00e9todos de rastreio.<\/p>\n<p>Em vez disso, s\u00e3o utilizados cookies de sess\u00e3o (n\u00e3o persistentes) estritamente limitados ao que \u00e9 necess\u00e1rio para uma navega\u00e7\u00e3o segura e eficiente dos s\u00edtios. O armazenamento dos cookies de sess\u00e3o nos terminais ou browsers est\u00e1 sob o controlo do utilizador, ao passo que, nos servidores, no final das sess\u00f5es HTTP, as informa\u00e7\u00f5es relativas aos cookies s\u00e3o registadas nos logs do servi\u00e7o, com tempos de reten\u00e7\u00e3o n\u00e3o superiores a sete dias, tal como os outros dados de navega\u00e7\u00e3o.<\/p>\n<p>Pormenores sobre o tratamento dos Dados Pessoais<\/p>\n<p>Os Dados Pessoais s\u00e3o recolhidos para as seguintes finalidades e utilizando os seguintes servi\u00e7os:<\/p>\n<p>Contactar o utilizador<\/p>\n<p>Formul\u00e1rio de contacto (Este s\u00edtio Web)<\/p>\n<p>Ao preencher o formul\u00e1rio de contacto com os seus Dados, o Utilizador consente a sua utiliza\u00e7\u00e3o para responder a pedidos de informa\u00e7\u00e3o, or\u00e7amentos ou qualquer outro tipo indicado no cabe\u00e7alho do formul\u00e1rio.<\/p>\n<p>Dados pessoais recolhidos: nome, apelido, morada, telefone, pa\u00eds, prov\u00edncia, e-mail, modelo, n\u00famero de s\u00e9rie, disponibilidade.<\/p>\n<p>Gest\u00e3o dos pedidos de apoio e de contacto.<\/p>\n<p>Este tipo de servi\u00e7o permite a este Site gerir os pedidos de apoio e de contacto recebidos por correio eletr\u00f3nico ou por outras ferramentas, como o formul\u00e1rio de contacto.<\/p>\n<p>Os Dados Pessoais tratados dependem das informa\u00e7\u00f5es fornecidas pelo Utilizador nas mensagens e da ferramenta utilizada para a comunica\u00e7\u00e3o (por exemplo, endere\u00e7o de correio eletr\u00f3nico).<\/p>\n<p>Gest\u00e3o de endere\u00e7os e envio de mensagens de correio eletr\u00f3nico.<\/p>\n<p>Este tipo de servi\u00e7o permite gerir uma base de dados de contactos de e-mail, contactos telef\u00f3nicos ou contactos de qualquer outro tipo, utilizados para comunicar com o Utilizador.<\/p>\n<p>Estes servi\u00e7os podem tamb\u00e9m permitir a recolha de dados relativos \u00e0 data e hora de visualiza\u00e7\u00e3o das mensagens pelo Utilizador, bem como a intera\u00e7\u00e3o do Utilizador com as mesmas, como por exemplo informa\u00e7\u00f5es sobre cliques em links inseridos nas mensagens.<\/p>\n<p><b>Estat\u00edsticas<\/b><\/p>\n<p>Os servi\u00e7os contidos nesta sec\u00e7\u00e3o permitem ao Respons\u00e1vel pelo Tratamento monitorizar e analisar os dados de tr\u00e1fego e s\u00e3o utilizados para seguir o comportamento do Utilizador.<\/p>\n<p>GoogleAnalytics (Google Inc.)<\/p>\n<p>O Google Analytics \u00e9 um servi\u00e7o de an\u00e1lise da Web fornecido pela Google Inc (&#8220;Google&#8221;). A Google utiliza os Dados Pessoais recolhidos com o objetivo de seguir e examinar a utiliza\u00e7\u00e3o deste s\u00edtio Web, compilando relat\u00f3rios e partilhando-os com outros servi\u00e7os desenvolvidos pela Google.<\/p>\n<p>A Google pode utilizar os Dados Pessoais para contextualizar e personalizar os an\u00fancios na sua rede de publicidade.<\/p>\n<p>Dados pessoais recolhidos: Cookies e dados de utiliza\u00e7\u00e3o.<\/p>\n<p>Local de processamento: EUA &#8211; Pol\u00edtica de Privacidade<\/p>\n<p>Aceita\u00e7\u00e3o: https:\/\/policies.google.com\/privacy?hl=es <\/p>\n<p>Optar por sair: https:\/\/tools.google.com\/dlpage\/gaoptout?hl=es<\/p>\n<p>Dados Pessoais recolhidos: Cookies e Dados de Utiliza\u00e7\u00e3o.<\/p>\n<p><b>DESTINAT\u00c1RIOS DOS DADOS<\/b><\/p>\n<p>Os destinat\u00e1rios dos dados recolhidos na sequ\u00eancia da consulta dos s\u00edtios acima indicados podem ser os sujeitos designados, nos termos do artigo 28.\u00ba do Regulamento, como subcontratantes, para a presta\u00e7\u00e3o de servi\u00e7os de desenvolvimento, fornecimento e gest\u00e3o operacional das plataformas tecnol\u00f3gicas utilizadas.<\/p>\n<p>Os dados pessoais recolhidos s\u00e3o igualmente tratados pelo pessoal do Garante, actuando com base em instru\u00e7\u00f5es espec\u00edficas fornecidas em rela\u00e7\u00e3o \u00e0s finalidades e aos m\u00e9todos do pr\u00f3prio tratamento.<\/p>\n<p><b>DIREITOS DAS PESSOAS EM CAUSA<\/b><\/p>\n<p>As pessoas interessadas t\u00eam o direito de obter, nos casos previstos, o acesso aos dados pessoais e a retifica\u00e7\u00e3o ou o apagamento dos dados pessoais ou a limita\u00e7\u00e3o do tratamento que lhes diga respeito, ou de se opor ao tratamento (artigos 15.\u00ba e seguintes do Regulamento). O respetivo pedido pode ser apresentado para os contactos acima indicados.<\/p>\n<p><b>DIREITO DE RECLAMA\u00c7\u00c3O<\/b><\/p>\n<p>Os titulares dos dados que considerem que o tratamento dos dados pessoais que lhes digam respeito, efectuado atrav\u00e9s deste website, viola o disposto no Regulamento, t\u00eam o direito de apresentar reclama\u00e7\u00e3o junto do Garante, nos termos do art. 77\u00ba do pr\u00f3prio Regulamento, ou de exercer as vias de recurso adequadas (art. 79\u00ba do Regulamento).<\/p>\n<\/header>\t\t\t\t\t\t\t\t<\/div>\n\t\t\t\t<\/div>\n\t\t\t\t\t<\/div>\n\t\t<\/div>\n\t\t\t\t\t<\/div>\n\t\t<\/section>\n\t\t\t\t\t<\/div>\n\t\t<\/div>\n\t\t\t\t\t<\/div>\n\t\t<\/section>\n\t\t\t\t<\/div>\n\t\t","protected":false},"excerpt":{"rendered":"<p>Pol\u00edtica de privacidade INFORMA\u00c7\u00d5ES SOBRE O TRATAMENTO DE DADOS PESSOAIS dos utilizadores que consultam o s\u00edtio Web www.revosrl.es em conformidade com o artigo 13.\u00ba do Regulamento (UE) 2016\/679 PORQU\u00ca ESTA INFORMA\u00c7\u00c3O Em conformidade com o Regulamento (UE) 2016\/679 (a seguir designado por &#8220;Regulamento&#8221;), a presente p\u00e1gina descreve as modalidades de tratamento dos dados pessoais dos [&hellip;]<\/p>\n","protected":false},"author":1,"featured_media":0,"parent":0,"menu_order":0,"comment_status":"closed","ping_status":"closed","template":"elementor_header_footer","meta":{"footnotes":""},"class_list":["post-92","page","type-page","status-publish","hentry"],"_links":{"self":[{"href":"https:\/\/revosrl.es\/pt-pt\/wp-json\/wp\/v2\/pages\/92","targetHints":{"allow":["GET"]}}],"collection":[{"href":"https:\/\/revosrl.es\/pt-pt\/wp-json\/wp\/v2\/pages"}],"about":[{"href":"https:\/\/revosrl.es\/pt-pt\/wp-json\/wp\/v2\/types\/page"}],"author":[{"embeddable":true,"href":"https:\/\/revosrl.es\/pt-pt\/wp-json\/wp\/v2\/users\/1"}],"replies":[{"embeddable":true,"href":"https:\/\/revosrl.es\/pt-pt\/wp-json\/wp\/v2\/comments?post=92"}],"version-history":[{"count":3,"href":"https:\/\/revosrl.es\/pt-pt\/wp-json\/wp\/v2\/pages\/92\/revisions"}],"predecessor-version":[{"id":95,"href":"https:\/\/revosrl.es\/pt-pt\/wp-json\/wp\/v2\/pages\/92\/revisions\/95"}],"wp:attachment":[{"href":"https:\/\/revosrl.es\/pt-pt\/wp-json\/wp\/v2\/media?parent=92"}],"curies":[{"name":"wp","href":"https:\/\/api.w.org\/{rel}","templated":true}]}}